{"id":4580,"date":"2018-08-27T12:15:15","date_gmt":"2018-08-27T12:15:15","guid":{"rendered":"https:\/\/fp-dual.es\/fp-dual-islas-baleares\/"},"modified":"2025-10-28T08:34:15","modified_gmt":"2025-10-28T08:34:15","slug":"fp-dual-islas-baleares","status":"publish","type":"page","link":"https:\/\/fpintensivaib.com\/es\/","title":{"rendered":"Calendario de admisi\u00f3n para el curso 2025 \u2013 2026"},"content":{"rendered":"<h1>Estudiar y trabajar<\/h1>\n<p>La FP Intensiva combina la formaci\u00f3n remunerada en una empresa y la formaci\u00f3n en centro formativo.<\/p>\n<p>\t\t\t<a href=\"https:\/\/fp-dual.es\/es\/titulaciones\/\" role=\"button\"><br \/>\n\t\t\t\t\t\t\u00bfQU\u00c9 PUEDES ESTUDIAR?<br \/>\n\t\t\t\t\t<\/a><\/p>\n<h2>Con contrato de trabajo de formaci\u00f3n en alternancia retribuido.<\/h2>\n<p>Si tienes\u00a0<strong>16 a\u00f1os o m\u00e1s (o cumples los 16 el a\u00f1o de la matriculaci\u00f3n)<\/strong>, la FP Intensiva puede ser tu opci\u00f3n. Tendr\u00e1s desde el principio <strong>un plan de formaci\u00f3n y un tutor<\/strong> tanto en el instituto como en la empresa, que te acompa\u00f1ar\u00e1n y realizar\u00e1n el seguimiento de tus progresos.<\/p>\n<p>\t\t\t<a href=\"https:\/\/fp-dual.es\/es\/requisitos-y-admision\/\" role=\"button\"><br \/>\n\t\t\t\t\t\tVER REQUISITOS<br \/>\n\t\t\t\t\t<\/a><br \/>\n\t\t\t\t\t\t\t\t\t\t<img src=\"https:\/\/fpintensivaib.com\/wp-content\/uploads\/elementor\/thumbs\/i_libreta_b-1-pflzjxbe63wocmvdira529o3210wk5xfe4bqa1yyv8.png\" title=\"i_libreta_b\" alt=\"i_libreta_b\" \/><br \/>\n\t\t\t<a href=\"https:\/\/www.caib.es\/sites\/fp\/ca\/admissio_fp_25-26\/\" target=\"_blank\" role=\"button\" rel=\"noopener\"><br \/>\n\t\t\t\t\t\tConsulta todas las fechas del proceso de escolarizaci\u00f3n<br \/>\n\t\t\t\t\t<\/a><\/p>\n<h2>T\u00edtulo de FP en<br \/>dos cursos acad\u00e9micos<\/h2>\n<p>Los dos cursos tienen una duraci\u00f3n total de <strong>2.000 horas.<\/strong><br \/>Su distribuci\u00f3n y horarios variar\u00e1n dependiendo del ciclo que se elija, que se validar\u00e1n por la Direcci\u00f3n General de Formaci\u00f3n Profesional y Ordenaci\u00f3n Educativa.\u00a0<\/p>\n<p>\t\t\t<a href=\"https:\/\/fpintensivaib.com\/wp-content\/uploads\/Definitivo_CAIB-HOJA-CICLOS_25-26_v4_DEFINITIU.pdf\" target=\"_blank\" role=\"button\" rel=\"noopener\"><br \/>\n\t\t\t\t\t\tVER TITULACIONES<br \/>\n\t\t\t\t\t<\/a><br \/>\n\t\t\t\t\t\t\t\t\t\t<img src=\"https:\/\/fpintensivaib.com\/wp-content\/uploads\/elementor\/thumbs\/i_check_b-1-pflzjxbdy7q7xzbob1ortgbs4zzkfib0efaeqj9d56.png\" title=\"i_check_b\" alt=\"i_check_b\" \/>\t\t\t\t\t\t\t\t\t\t\t<\/p>\n<h1>FP Intensiva.<\/h1>\n<h2>\u00bfEs para ti?<\/h2>\n<p>Si reunes los requisitos y, adem\u00e1s, est\u00e1s en alguna de estas situaciones, la FP Intensiva es una buena opci\u00f3n para ti:<\/p>\n<ul>\n<li>Est\u00e1s dispuesto\/a a hacer el esfuerzo que supone estudiar y trabajar.<\/li>\n<li>Quieres obtener una titulaci\u00f3n y, al mismo tiempo, experiencia laboral.<\/li>\n<li>Has tenido esperiencia laboral previa y conoces el sector, pero no tienes titulaci\u00f3n que lo acredite.<\/li>\n<li>Conoces una empresa que est\u00e1 interesada en tenerte como alumno\/a-trabajador\/a y acuerdas con ella hacer la FP Intensiva (a trav\u00e9s de una propuesta de idoneidad).<\/li>\n<\/ul>\n<p>\t\t\t<a href=\"https:\/\/fpintensivaib.com\/wp-content\/uploads\/Definitivo_CAIB-HOJA-CICLOS_25-26_v4_DEFINITIU.pdf\" role=\"button\"><br \/>\n\t\t\t\t\t\tConsulta el folleto<br \/>\n\t\t\t\t\t<\/a><\/p>\n<h3>\u00daltimos art\u00edculos del blog<\/h3>\n","protected":false},"excerpt":{"rendered":"<p>Estudiar y trabajar La FP Intensiva combina la formaci\u00f3n remunerada en una empresa y la formaci\u00f3n en centro formativo. \u00bfQU\u00c9 PUEDES ESTUDIAR? Con contrato de trabajo de formaci\u00f3n en alternancia retribuido. Si tienes\u00a016 a\u00f1os o m\u00e1s (o cumples los 16 el a\u00f1o de la matriculaci\u00f3n), la FP Intensiva puede ser tu opci\u00f3n. Tendr\u00e1s desde el &hellip;<\/p>\n<p class=\"read-more\"> <a class=\"\" href=\"https:\/\/fpintensivaib.com\/es\/\"> <span class=\"screen-reader-text\">Calendario de admisi\u00f3n para el curso 2025 \u2013 2026<\/span> Leer m\u00e1s \u00bb<\/a><\/p>\n<div class='heateorSssClear'><\/div><div  class='heateor_sss_sharing_container heateor_sss_horizontal_sharing' data-heateor-sss-href='https:\/\/fpintensivaib.com\/es\/'><div class='heateor_sss_sharing_title' style=\"font-weight:bold\" ><\/div><div class=\"heateor_sss_sharing_ul\"><a aria-label=\"Facebook\" class=\"heateor_sss_facebook\" href=\"https:\/\/www.facebook.com\/sharer\/sharer.php?u=https%3A%2F%2Ffpintensivaib.com%2Fes%2F\" title=\"Facebook\" rel=\"nofollow noopener\" target=\"_blank\" style=\"font-size:32px!important;box-shadow:none;display:inline-block;vertical-align:middle\"><span class=\"heateor_sss_svg\" style=\"background-color:#0765FE;width:35px;height:35px;border-radius:999px;display:inline-block;opacity:1;float:left;font-size:32px;box-shadow:none;display:inline-block;font-size:16px;padding:0 4px;vertical-align:middle;background-repeat:repeat;overflow:hidden;padding:0;cursor:pointer;box-sizing:content-box\"><svg style=\"display:block;border-radius:999px;\" focusable=\"false\" aria-hidden=\"true\" xmlns=\"http:\/\/www.w3.org\/2000\/svg\" width=\"100%\" height=\"100%\" viewBox=\"0 0 32 32\"><path fill=\"#fff\" d=\"M28 16c0-6.627-5.373-12-12-12S4 9.373 4 16c0 5.628 3.875 10.35 9.101 11.647v-7.98h-2.474V16H13.1v-1.58c0-4.085 1.849-5.978 5.859-5.978.76 0 2.072.15 2.608.298v3.325c-.283-.03-.775-.045-1.386-.045-1.967 0-2.728.745-2.728 2.683V16h3.92l-.673 3.667h-3.247v8.245C23.395 27.195 28 22.135 28 16Z\"><\/path><\/svg><\/span><\/a><a aria-label=\"Twitter\" class=\"heateor_sss_button_twitter\" href=\"https:\/\/twitter.com\/intent\/tweet?text=FP%20Intensiva%20Islas%20Baleares&url=https%3A%2F%2Ffpintensivaib.com%2Fes%2F\" title=\"Twitter\" rel=\"nofollow noopener\" target=\"_blank\" style=\"font-size:32px!important;box-shadow:none;display:inline-block;vertical-align:middle\"><span class=\"heateor_sss_svg heateor_sss_s__default heateor_sss_s_twitter\" style=\"background-color:#55acee;width:35px;height:35px;border-radius:999px;display:inline-block;opacity:1;float:left;font-size:32px;box-shadow:none;display:inline-block;font-size:16px;padding:0 4px;vertical-align:middle;background-repeat:repeat;overflow:hidden;padding:0;cursor:pointer;box-sizing:content-box\"><svg style=\"display:block;border-radius:999px;\" focusable=\"false\" aria-hidden=\"true\" xmlns=\"http:\/\/www.w3.org\/2000\/svg\" width=\"100%\" height=\"100%\" viewBox=\"-4 -4 39 39\"><path d=\"M28 8.557a9.913 9.913 0 0 1-2.828.775 4.93 4.93 0 0 0 2.166-2.725 9.738 9.738 0 0 1-3.13 1.194 4.92 4.92 0 0 0-3.593-1.55 4.924 4.924 0 0 0-4.794 6.049c-4.09-.21-7.72-2.17-10.15-5.15a4.942 4.942 0 0 0-.665 2.477c0 1.71.87 3.214 2.19 4.1a4.968 4.968 0 0 1-2.23-.616v.06c0 2.39 1.7 4.38 3.952 4.83-.414.115-.85.174-1.297.174-.318 0-.626-.03-.928-.086a4.935 4.935 0 0 0 4.6 3.42 9.893 9.893 0 0 1-6.114 2.107c-.398 0-.79-.023-1.175-.068a13.953 13.953 0 0 0 7.55 2.213c9.056 0 14.01-7.507 14.01-14.013 0-.213-.005-.426-.015-.637.96-.695 1.795-1.56 2.455-2.55z\" fill=\"#fff\"><\/path><\/svg><\/span><\/a><a aria-label=\"Linkedin\" class=\"heateor_sss_button_linkedin\" href=\"https:\/\/www.linkedin.com\/sharing\/share-offsite\/?url=https%3A%2F%2Ffpintensivaib.com%2Fes%2F\" title=\"Linkedin\" rel=\"nofollow noopener\" target=\"_blank\" style=\"font-size:32px!important;box-shadow:none;display:inline-block;vertical-align:middle\"><span class=\"heateor_sss_svg heateor_sss_s__default heateor_sss_s_linkedin\" style=\"background-color:#0077b5;width:35px;height:35px;border-radius:999px;display:inline-block;opacity:1;float:left;font-size:32px;box-shadow:none;display:inline-block;font-size:16px;padding:0 4px;vertical-align:middle;background-repeat:repeat;overflow:hidden;padding:0;cursor:pointer;box-sizing:content-box\"><svg style=\"display:block;border-radius:999px;\" focusable=\"false\" aria-hidden=\"true\" xmlns=\"http:\/\/www.w3.org\/2000\/svg\" width=\"100%\" height=\"100%\" viewBox=\"0 0 32 32\"><path d=\"M6.227 12.61h4.19v13.48h-4.19V12.61zm2.095-6.7a2.43 2.43 0 0 1 0 4.86c-1.344 0-2.428-1.09-2.428-2.43s1.084-2.43 2.428-2.43m4.72 6.7h4.02v1.84h.058c.56-1.058 1.927-2.176 3.965-2.176 4.238 0 5.02 2.792 5.02 6.42v7.395h-4.183v-6.56c0-1.564-.03-3.574-2.178-3.574-2.18 0-2.514 1.7-2.514 3.46v6.668h-4.187V12.61z\" fill=\"#fff\"><\/path><\/svg><\/span><\/a><a aria-label=\"Whatsapp\" class=\"heateor_sss_whatsapp\" href=\"https:\/\/api.whatsapp.com\/send?text=Calendario%20de%20admisi%C3%B3n%20para%20el%20curso%202025%20%E2%80%93%202026%20https%3A%2F%2Ffpintensivaib.com%2Fes%2F\" title=\"Whatsapp\" rel=\"nofollow noopener\" target=\"_blank\" style=\"font-size:32px!important;box-shadow:none;display:inline-block;vertical-align:middle\"><span class=\"heateor_sss_svg\" style=\"background-color:#55eb4c;width:35px;height:35px;border-radius:999px;display:inline-block;opacity:1;float:left;font-size:32px;box-shadow:none;display:inline-block;font-size:16px;padding:0 4px;vertical-align:middle;background-repeat:repeat;overflow:hidden;padding:0;cursor:pointer;box-sizing:content-box\"><svg style=\"display:block;border-radius:999px;\" focusable=\"false\" aria-hidden=\"true\" xmlns=\"http:\/\/www.w3.org\/2000\/svg\" width=\"100%\" height=\"100%\" viewBox=\"-6 -5 40 40\"><path class=\"heateor_sss_svg_stroke heateor_sss_no_fill\" stroke=\"#fff\" stroke-width=\"2\" fill=\"none\" d=\"M 11.579798566743314 24.396926207859085 A 10 10 0 1 0 6.808479557110079 20.73576436351046\"><\/path><path d=\"M 7 19 l -1 6 l 6 -1\" class=\"heateor_sss_no_fill heateor_sss_svg_stroke\" stroke=\"#fff\" stroke-width=\"2\" fill=\"none\"><\/path><path d=\"M 10 10 q -1 8 8 11 c 5 -1 0 -6 -1 -3 q -4 -3 -5 -5 c 4 -2 -1 -5 -1 -4\" fill=\"#fff\"><\/path><\/svg><\/span><\/a><a aria-label=\"Email\" class=\"heateor_sss_email\" href=\"https:\/\/fpintensivaib.com\/es\/\" onclick=\"event.preventDefault();window.open('mailto:?subject=' + decodeURIComponent('Calendario%20de%20admisi%C3%B3n%20para%20el%20curso%202025%20%E2%80%93%202026').replace('&', '%26') + '&body=https%3A%2F%2Ffpintensivaib.com%2Fes%2F', '_blank')\" title=\"Email\" rel=\"noopener\" style=\"font-size:32px!important;box-shadow:none;display:inline-block;vertical-align:middle\"><span class=\"heateor_sss_svg\" style=\"background-color:#649a3f;width:35px;height:35px;border-radius:999px;display:inline-block;opacity:1;float:left;font-size:32px;box-shadow:none;display:inline-block;font-size:16px;padding:0 4px;vertical-align:middle;background-repeat:repeat;overflow:hidden;padding:0;cursor:pointer;box-sizing:content-box\"><svg style=\"display:block;border-radius:999px;\" focusable=\"false\" aria-hidden=\"true\" xmlns=\"http:\/\/www.w3.org\/2000\/svg\" width=\"100%\" height=\"100%\" viewBox=\"-.75 -.5 36 36\"><path d=\"M 5.5 11 h 23 v 1 l -11 6 l -11 -6 v -1 m 0 2 l 11 6 l 11 -6 v 11 h -22 v -11\" stroke-width=\"1\" fill=\"#fff\"><\/path><\/svg><\/span><\/a><a class=\"heateor_sss_more\" aria-label=\"More\" title=\"More\" rel=\"nofollow noopener\" style=\"font-size: 32px!important;border:0;box-shadow:none;display:inline-block!important;font-size:16px;padding:0 4px;vertical-align: middle;display:inline;\" href=\"https:\/\/fpintensivaib.com\/es\/\" onclick=\"event.preventDefault()\"><span class=\"heateor_sss_svg\" style=\"background-color:#ee8e2d;width:35px;height:35px;border-radius:999px;display:inline-block!important;opacity:1;float:left;font-size:32px!important;box-shadow:none;display:inline-block;font-size:16px;padding:0 4px;vertical-align:middle;display:inline;background-repeat:repeat;overflow:hidden;padding:0;cursor:pointer;box-sizing:content-box;\" onclick=\"heateorSssMoreSharingPopup(this, 'https:\/\/fpintensivaib.com\/es\/', 'Calendario%20de%20admisi%C3%B3n%20para%20el%20curso%202025%20%E2%80%93%202026', 'FP%20Intensiva%20Islas%20Baleares' )\"><svg xmlns=\"http:\/\/www.w3.org\/2000\/svg\" xmlns:xlink=\"http:\/\/www.w3.org\/1999\/xlink\" viewBox=\"-.3 0 32 32\" version=\"1.1\" width=\"100%\" height=\"100%\" style=\"display:block;border-radius:999px;\" xml:space=\"preserve\"><g><path fill=\"#fff\" d=\"M18 14V8h-4v6H8v4h6v6h4v-6h6v-4h-6z\" fill-rule=\"evenodd\"><\/path><\/g><\/svg><\/span><\/a><\/div><div class=\"heateorSssClear\"><\/div><\/div><div class='heateorSssClear'><\/div>","protected":false},"author":8,"featured_media":0,"parent":0,"menu_order":0,"comment_status":"closed","ping_status":"closed","template":"","meta":[],"_links":{"self":[{"href":"https:\/\/fpintensivaib.com\/es\/wp-json\/wp\/v2\/pages\/4580"}],"collection":[{"href":"https:\/\/fpintensivaib.com\/es\/wp-json\/wp\/v2\/pages"}],"about":[{"href":"https:\/\/fpintensivaib.com\/es\/wp-json\/wp\/v2\/types\/page"}],"author":[{"embeddable":true,"href":"https:\/\/fpintensivaib.com\/es\/wp-json\/wp\/v2\/users\/8"}],"replies":[{"embeddable":true,"href":"https:\/\/fpintensivaib.com\/es\/wp-json\/wp\/v2\/comments?post=4580"}],"version-history":[{"count":83,"href":"https:\/\/fpintensivaib.com\/es\/wp-json\/wp\/v2\/pages\/4580\/revisions"}],"predecessor-version":[{"id":7509,"href":"https:\/\/fpintensivaib.com\/es\/wp-json\/wp\/v2\/pages\/4580\/revisions\/7509"}],"wp:attachment":[{"href":"https:\/\/fpintensivaib.com\/es\/wp-json\/wp\/v2\/media?parent=4580"}],"curies":[{"name":"wp","href":"https:\/\/api.w.org\/{rel}","templated":true}]}}