{"id":4608,"date":"2021-11-05T10:08:23","date_gmt":"2021-11-05T10:08:23","guid":{"rendered":"https:\/\/fp-dual.es\/titulaciones-empresas\/asistencia-a-la-direccion\/"},"modified":"2024-06-03T11:36:24","modified_gmt":"2024-06-03T11:36:24","slug":"asistencia-a-la-direccion","status":"publish","type":"page","link":"https:\/\/fpintensivaib.com\/es\/titulaciones-empresas\/asistencia-a-la-direccion\/","title":{"rendered":"Asistencia a la Direcci\u00f3n"},"content":{"rendered":"<h2>Grado Superior<\/h2>\n<h2>Asistencia a la Direcci\u00f3n<\/h2>\n<h2>Qu\u00e9 aprender\u00e1s<br \/>y har\u00e1s<\/h2>\n<h2>Este profesional ser\u00e1 capaz de:<\/h2>\n<ul>\n<li style=\"padding-bottom: 10px;\">Administrar sistemas de informaci\u00f3n y archivo, en soporte convencional e inform\u00e1tico en condiciones de seguridad y estableciendo medidas de control.<\/li>\n<li style=\"padding-bottom: 10px;\">Comunicarse oralmente y por escrito de manera precisa en, al menos, dos lenguas extranjeras.<\/li>\n<li style=\"padding-bottom: 10px;\">Organizar y gestionar la agenda y las comunicaciones de la empresa, coordinando su actividad con otras \u00e1reas u organizaciones.<\/li>\n<\/ul>\n<h2>Qu\u00e9 podr\u00e1s hacer cuando<br \/>finalices estos estudios<\/h2>\n<h2>Trabajar:<\/h2>\n<ul>\n<li style=\"padding-bottom: 10px;\">Asistente a la direcci\u00f3n y asistente personal<\/li>\n<li style=\"padding-bottom: 10px;\">Secretaria\/secretario de direcci\u00f3n<\/li>\n<li style=\"padding-bottom: 10px;\">Asistente de despachos y oficinas<\/li>\n<\/ul>\n<h2>Continuar estudiando:<\/h2>\n<ul>\n<li style=\"padding-bottom: 10px;\">Cursos de especializaci\u00f3n profesional<\/li>\n<li style=\"padding-bottom: 10px;\">Otro ciclo de Formaci\u00f3n Profesional<\/li>\n<li style=\"padding-bottom: 10px;\">Preparaci\u00f3n de Pruebas de Evaluaci\u00f3n de Bachillerato y\/o Ense\u00f1anzas Universitarias<\/li>\n<\/ul>\n<p>\t\t\t<a href=\"https:\/\/fp-dual.es\/es\/titulaciones\/\" role=\"button\"><br \/>\n\t\t\t\t\t\tDONDE LO PUEDES ESTUDIAR<br \/>\n\t\t\t\t\t<\/a><br \/>\n\t\t\t<a href=\"https:\/\/fp-dual.es\/es\/\" role=\"button\"><br \/>\n\t\t\t\t\t\tM\u00c1S SOBRE FP DUAL<br \/>\n\t\t\t\t\t<\/a><\/p>\n","protected":false},"excerpt":{"rendered":"<p>Grado Superior Asistencia a la Direcci\u00f3n Qu\u00e9 aprender\u00e1sy har\u00e1s Este profesional ser\u00e1 capaz de: Administrar sistemas de informaci\u00f3n y archivo, en soporte convencional e inform\u00e1tico en condiciones de seguridad y estableciendo medidas de control. Comunicarse oralmente y por escrito de manera precisa en, al menos, dos lenguas extranjeras. Organizar y gestionar la agenda y las &hellip;<\/p>\n<p class=\"read-more\"> <a class=\"\" href=\"https:\/\/fpintensivaib.com\/es\/titulaciones-empresas\/asistencia-a-la-direccion\/\"> <span class=\"screen-reader-text\">Asistencia a la Direcci\u00f3n<\/span> Leer m\u00e1s \u00bb<\/a><\/p>\n<div class='heateorSssClear'><\/div><div  class='heateor_sss_sharing_container heateor_sss_horizontal_sharing' data-heateor-sss-href='https:\/\/fpintensivaib.com\/es\/titulaciones-empresas\/asistencia-a-la-direccion\/'><div class='heateor_sss_sharing_title' style=\"font-weight:bold\" ><\/div><div class=\"heateor_sss_sharing_ul\"><a aria-label=\"Facebook\" class=\"heateor_sss_facebook\" href=\"https:\/\/www.facebook.com\/sharer\/sharer.php?u=https%3A%2F%2Ffpintensivaib.com%2Fes%2Ftitulaciones-empresas%2Fasistencia-a-la-direccion%2F\" title=\"Facebook\" rel=\"nofollow noopener\" target=\"_blank\" style=\"font-size:32px!important;box-shadow:none;display:inline-block;vertical-align:middle\"><span class=\"heateor_sss_svg\" style=\"background-color:#0765FE;width:35px;height:35px;border-radius:999px;display:inline-block;opacity:1;float:left;font-size:32px;box-shadow:none;display:inline-block;font-size:16px;padding:0 4px;vertical-align:middle;background-repeat:repeat;overflow:hidden;padding:0;cursor:pointer;box-sizing:content-box\"><svg style=\"display:block;border-radius:999px;\" focusable=\"false\" aria-hidden=\"true\" xmlns=\"http:\/\/www.w3.org\/2000\/svg\" width=\"100%\" height=\"100%\" viewBox=\"0 0 32 32\"><path fill=\"#fff\" d=\"M28 16c0-6.627-5.373-12-12-12S4 9.373 4 16c0 5.628 3.875 10.35 9.101 11.647v-7.98h-2.474V16H13.1v-1.58c0-4.085 1.849-5.978 5.859-5.978.76 0 2.072.15 2.608.298v3.325c-.283-.03-.775-.045-1.386-.045-1.967 0-2.728.745-2.728 2.683V16h3.92l-.673 3.667h-3.247v8.245C23.395 27.195 28 22.135 28 16Z\"><\/path><\/svg><\/span><\/a><a aria-label=\"Twitter\" class=\"heateor_sss_button_twitter\" href=\"https:\/\/twitter.com\/intent\/tweet?text=FP%20Intensiva%20Islas%20Baleares&url=https%3A%2F%2Ffpintensivaib.com%2Fes%2Ftitulaciones-empresas%2Fasistencia-a-la-direccion%2F\" title=\"Twitter\" rel=\"nofollow noopener\" target=\"_blank\" style=\"font-size:32px!important;box-shadow:none;display:inline-block;vertical-align:middle\"><span class=\"heateor_sss_svg heateor_sss_s__default heateor_sss_s_twitter\" style=\"background-color:#55acee;width:35px;height:35px;border-radius:999px;display:inline-block;opacity:1;float:left;font-size:32px;box-shadow:none;display:inline-block;font-size:16px;padding:0 4px;vertical-align:middle;background-repeat:repeat;overflow:hidden;padding:0;cursor:pointer;box-sizing:content-box\"><svg style=\"display:block;border-radius:999px;\" focusable=\"false\" aria-hidden=\"true\" xmlns=\"http:\/\/www.w3.org\/2000\/svg\" width=\"100%\" height=\"100%\" viewBox=\"-4 -4 39 39\"><path d=\"M28 8.557a9.913 9.913 0 0 1-2.828.775 4.93 4.93 0 0 0 2.166-2.725 9.738 9.738 0 0 1-3.13 1.194 4.92 4.92 0 0 0-3.593-1.55 4.924 4.924 0 0 0-4.794 6.049c-4.09-.21-7.72-2.17-10.15-5.15a4.942 4.942 0 0 0-.665 2.477c0 1.71.87 3.214 2.19 4.1a4.968 4.968 0 0 1-2.23-.616v.06c0 2.39 1.7 4.38 3.952 4.83-.414.115-.85.174-1.297.174-.318 0-.626-.03-.928-.086a4.935 4.935 0 0 0 4.6 3.42 9.893 9.893 0 0 1-6.114 2.107c-.398 0-.79-.023-1.175-.068a13.953 13.953 0 0 0 7.55 2.213c9.056 0 14.01-7.507 14.01-14.013 0-.213-.005-.426-.015-.637.96-.695 1.795-1.56 2.455-2.55z\" fill=\"#fff\"><\/path><\/svg><\/span><\/a><a aria-label=\"Linkedin\" class=\"heateor_sss_button_linkedin\" href=\"https:\/\/www.linkedin.com\/sharing\/share-offsite\/?url=https%3A%2F%2Ffpintensivaib.com%2Fes%2Ftitulaciones-empresas%2Fasistencia-a-la-direccion%2F\" title=\"Linkedin\" rel=\"nofollow noopener\" target=\"_blank\" style=\"font-size:32px!important;box-shadow:none;display:inline-block;vertical-align:middle\"><span class=\"heateor_sss_svg heateor_sss_s__default heateor_sss_s_linkedin\" style=\"background-color:#0077b5;width:35px;height:35px;border-radius:999px;display:inline-block;opacity:1;float:left;font-size:32px;box-shadow:none;display:inline-block;font-size:16px;padding:0 4px;vertical-align:middle;background-repeat:repeat;overflow:hidden;padding:0;cursor:pointer;box-sizing:content-box\"><svg style=\"display:block;border-radius:999px;\" focusable=\"false\" aria-hidden=\"true\" xmlns=\"http:\/\/www.w3.org\/2000\/svg\" width=\"100%\" height=\"100%\" viewBox=\"0 0 32 32\"><path d=\"M6.227 12.61h4.19v13.48h-4.19V12.61zm2.095-6.7a2.43 2.43 0 0 1 0 4.86c-1.344 0-2.428-1.09-2.428-2.43s1.084-2.43 2.428-2.43m4.72 6.7h4.02v1.84h.058c.56-1.058 1.927-2.176 3.965-2.176 4.238 0 5.02 2.792 5.02 6.42v7.395h-4.183v-6.56c0-1.564-.03-3.574-2.178-3.574-2.18 0-2.514 1.7-2.514 3.46v6.668h-4.187V12.61z\" fill=\"#fff\"><\/path><\/svg><\/span><\/a><a aria-label=\"Whatsapp\" class=\"heateor_sss_whatsapp\" href=\"https:\/\/api.whatsapp.com\/send?text=Asistencia%20a%20la%20Direcci%C3%B3n%20https%3A%2F%2Ffpintensivaib.com%2Fes%2Ftitulaciones-empresas%2Fasistencia-a-la-direccion%2F\" title=\"Whatsapp\" rel=\"nofollow noopener\" target=\"_blank\" style=\"font-size:32px!important;box-shadow:none;display:inline-block;vertical-align:middle\"><span class=\"heateor_sss_svg\" style=\"background-color:#55eb4c;width:35px;height:35px;border-radius:999px;display:inline-block;opacity:1;float:left;font-size:32px;box-shadow:none;display:inline-block;font-size:16px;padding:0 4px;vertical-align:middle;background-repeat:repeat;overflow:hidden;padding:0;cursor:pointer;box-sizing:content-box\"><svg style=\"display:block;border-radius:999px;\" focusable=\"false\" aria-hidden=\"true\" xmlns=\"http:\/\/www.w3.org\/2000\/svg\" width=\"100%\" height=\"100%\" viewBox=\"-6 -5 40 40\"><path class=\"heateor_sss_svg_stroke heateor_sss_no_fill\" stroke=\"#fff\" stroke-width=\"2\" fill=\"none\" d=\"M 11.579798566743314 24.396926207859085 A 10 10 0 1 0 6.808479557110079 20.73576436351046\"><\/path><path d=\"M 7 19 l -1 6 l 6 -1\" class=\"heateor_sss_no_fill heateor_sss_svg_stroke\" stroke=\"#fff\" stroke-width=\"2\" fill=\"none\"><\/path><path d=\"M 10 10 q -1 8 8 11 c 5 -1 0 -6 -1 -3 q -4 -3 -5 -5 c 4 -2 -1 -5 -1 -4\" fill=\"#fff\"><\/path><\/svg><\/span><\/a><a aria-label=\"Email\" class=\"heateor_sss_email\" href=\"https:\/\/fpintensivaib.com\/es\/titulaciones-empresas\/asistencia-a-la-direccion\/\" onclick=\"event.preventDefault();window.open('mailto:?subject=' + decodeURIComponent('Asistencia%20a%20la%20Direcci%C3%B3n').replace('&', '%26') + '&body=https%3A%2F%2Ffpintensivaib.com%2Fes%2Ftitulaciones-empresas%2Fasistencia-a-la-direccion%2F', '_blank')\" title=\"Email\" rel=\"noopener\" style=\"font-size:32px!important;box-shadow:none;display:inline-block;vertical-align:middle\"><span class=\"heateor_sss_svg\" style=\"background-color:#649a3f;width:35px;height:35px;border-radius:999px;display:inline-block;opacity:1;float:left;font-size:32px;box-shadow:none;display:inline-block;font-size:16px;padding:0 4px;vertical-align:middle;background-repeat:repeat;overflow:hidden;padding:0;cursor:pointer;box-sizing:content-box\"><svg style=\"display:block;border-radius:999px;\" focusable=\"false\" aria-hidden=\"true\" xmlns=\"http:\/\/www.w3.org\/2000\/svg\" width=\"100%\" height=\"100%\" viewBox=\"-.75 -.5 36 36\"><path d=\"M 5.5 11 h 23 v 1 l -11 6 l -11 -6 v -1 m 0 2 l 11 6 l 11 -6 v 11 h -22 v -11\" stroke-width=\"1\" fill=\"#fff\"><\/path><\/svg><\/span><\/a><a class=\"heateor_sss_more\" aria-label=\"More\" title=\"More\" rel=\"nofollow noopener\" style=\"font-size: 32px!important;border:0;box-shadow:none;display:inline-block!important;font-size:16px;padding:0 4px;vertical-align: middle;display:inline;\" href=\"https:\/\/fpintensivaib.com\/es\/titulaciones-empresas\/asistencia-a-la-direccion\/\" onclick=\"event.preventDefault()\"><span class=\"heateor_sss_svg\" style=\"background-color:#ee8e2d;width:35px;height:35px;border-radius:999px;display:inline-block!important;opacity:1;float:left;font-size:32px!important;box-shadow:none;display:inline-block;font-size:16px;padding:0 4px;vertical-align:middle;display:inline;background-repeat:repeat;overflow:hidden;padding:0;cursor:pointer;box-sizing:content-box;\" onclick=\"heateorSssMoreSharingPopup(this, 'https:\/\/fpintensivaib.com\/es\/titulaciones-empresas\/asistencia-a-la-direccion\/', 'Asistencia%20a%20la%20Direcci%C3%B3n', 'FP%20Intensiva%20Islas%20Baleares' )\"><svg xmlns=\"http:\/\/www.w3.org\/2000\/svg\" xmlns:xlink=\"http:\/\/www.w3.org\/1999\/xlink\" viewBox=\"-.3 0 32 32\" version=\"1.1\" width=\"100%\" height=\"100%\" style=\"display:block;border-radius:999px;\" xml:space=\"preserve\"><g><path fill=\"#fff\" d=\"M18 14V8h-4v6H8v4h6v6h4v-6h6v-4h-6z\" fill-rule=\"evenodd\"><\/path><\/g><\/svg><\/span><\/a><\/div><div class=\"heateorSssClear\"><\/div><\/div><div class='heateorSssClear'><\/div>","protected":false},"author":8,"featured_media":0,"parent":4602,"menu_order":0,"comment_status":"closed","ping_status":"closed","template":"","meta":[],"_links":{"self":[{"href":"https:\/\/fpintensivaib.com\/es\/wp-json\/wp\/v2\/pages\/4608"}],"collection":[{"href":"https:\/\/fpintensivaib.com\/es\/wp-json\/wp\/v2\/pages"}],"about":[{"href":"https:\/\/fpintensivaib.com\/es\/wp-json\/wp\/v2\/types\/page"}],"author":[{"embeddable":true,"href":"https:\/\/fpintensivaib.com\/es\/wp-json\/wp\/v2\/users\/8"}],"replies":[{"embeddable":true,"href":"https:\/\/fpintensivaib.com\/es\/wp-json\/wp\/v2\/comments?post=4608"}],"version-history":[{"count":11,"href":"https:\/\/fpintensivaib.com\/es\/wp-json\/wp\/v2\/pages\/4608\/revisions"}],"predecessor-version":[{"id":5996,"href":"https:\/\/fpintensivaib.com\/es\/wp-json\/wp\/v2\/pages\/4608\/revisions\/5996"}],"up":[{"embeddable":true,"href":"https:\/\/fpintensivaib.com\/es\/wp-json\/wp\/v2\/pages\/4602"}],"wp:attachment":[{"href":"https:\/\/fpintensivaib.com\/es\/wp-json\/wp\/v2\/media?parent=4608"}],"curies":[{"name":"wp","href":"https:\/\/api.w.org\/{rel}","templated":true}]}}